{"id":23661,"date":"2024-03-27T19:49:04","date_gmt":"2024-03-27T19:49:04","guid":{"rendered":"https:\/\/findit.webapp-market.com\/product\/go-rigo-go-camiseta-urbana-para-mujer-km200-level-up\/"},"modified":"2024-03-27T19:49:04","modified_gmt":"2024-03-27T19:49:04","slug":"go-rigo-go-camiseta-urbana-para-mujer-km200-level-up","status":"publish","type":"product","link":"https:\/\/findit.webapp-market.com\/es\/producto\/go-rigo-go-camiseta-urbana-para-mujer-km200-level-up\/","title":{"rendered":"Camiseta urbana para mujer KM200 Level up"},"content":{"rendered":"<p>\u00a1Esto es pa\u2019 que se lo pongan mijitos!<br \/>\u00a1Nuestra L\u00ednea urbana GO RIGO GO! son prendas informales de horma c\u00f3moda y ajuste preciso; llamativas y vers\u00e1tiles. Podr\u00e1s combinarla f\u00e1cilmente y darle a tu look un toque moderno.<\/p>\n<p>Camiseta: Composici\u00f3n 100% Algod\u00f3n, peso de 180 gramos<\/p>\n<p>Las im\u00e1genes representan el producto real, el color puede variar dependiendo del dispositivo en el que se est\u00e9n viendo.<\/p>\n","protected":false},"excerpt":{"rendered":"<p>\u00a1Esto es pa\u2019 que se lo pongan mijitos!\u00a1Nuestra L\u00ednea urbana GO RIGO GO! son prendas informales de horma c\u00f3moda y<\/p>\n","protected":false},"featured_media":18088,"comment_status":"open","ping_status":"closed","template":"","meta":[],"product_brand":[],"product_cat":[578],"product_tag":[611],"class_list":{"0":"post-23661","1":"product","2":"type-product","3":"status-publish","4":"has-post-thumbnail","6":"product_cat-camisetas-y-blusas","7":"product_tag-10-es","8":"product_shipping_class-1100-es","10":"first","11":"instock","12":"taxable","13":"shipping-taxable","14":"purchasable","15":"product-type-variable"},"_links":{"self":[{"href":"https:\/\/findit.webapp-market.com\/es\/wp-json\/wp\/v2\/product\/23661","targetHints":{"allow":["GET"]}}],"collection":[{"href":"https:\/\/findit.webapp-market.com\/es\/wp-json\/wp\/v2\/product"}],"about":[{"href":"https:\/\/findit.webapp-market.com\/es\/wp-json\/wp\/v2\/types\/product"}],"replies":[{"embeddable":true,"href":"https:\/\/findit.webapp-market.com\/es\/wp-json\/wp\/v2\/comments?post=23661"}],"wp:featuredmedia":[{"embeddable":true,"href":"https:\/\/findit.webapp-market.com\/es\/wp-json\/wp\/v2\/media\/18088"}],"wp:attachment":[{"href":"https:\/\/findit.webapp-market.com\/es\/wp-json\/wp\/v2\/media?parent=23661"}],"wp:term":[{"taxonomy":"product_brand","embeddable":true,"href":"https:\/\/findit.webapp-market.com\/es\/wp-json\/wp\/v2\/product_brand?post=23661"},{"taxonomy":"product_cat","embeddable":true,"href":"https:\/\/findit.webapp-market.com\/es\/wp-json\/wp\/v2\/product_cat?post=23661"},{"taxonomy":"product_tag","embeddable":true,"href":"https:\/\/findit.webapp-market.com\/es\/wp-json\/wp\/v2\/product_tag?post=23661"}],"curies":[{"name":"wp","href":"https:\/\/api.w.org\/{rel}","templated":true}]}}