{"id":23676,"date":"2024-03-27T19:04:50","date_gmt":"2024-03-27T19:04:50","guid":{"rendered":"https:\/\/findit.webapp-market.com\/product\/chaqueta-ultra-reflectiva-para-hombre\/"},"modified":"2024-03-27T19:04:50","modified_gmt":"2024-03-27T19:04:50","slug":"chaqueta-ultra-reflectiva-para-hombre","status":"publish","type":"product","link":"https:\/\/findit.webapp-market.com\/es\/producto\/chaqueta-ultra-reflectiva-para-hombre\/","title":{"rendered":"Chaqueta ultra reflectiva para hombre"},"content":{"rendered":"<p>Mijit@s ! \u00a1 Mijit@s ! Conoce Nuestra Chaqueta ULTRA REFLECTIVA<br \/>\nChaqueta en tela reflectiva 100%, un producto que puedes usar en toda ocasi\u00f3n, ya sea para ir en tu bici, en moto o simplemente caminar en la calle; ya que ofrece confort, alta visibilidad en la v\u00eda y te protege de la lluvia gracias a su dise\u00f1o y fabricaci\u00f3n. <\/p>\n<ul>\n<li>Acabado con antideslizante de silicona para un mejor agarre.<\/li>\n<li>Chaqueta Unisex<\/li>\n<li>Tapa cierre central<\/li>\n<li>Cuello alto para mayor protecci\u00f3n del aire.<\/li>\n<li>Aumenta tu seguridad cuando salgas a la v\u00eda<\/li>\n<\/ul>\n","protected":false},"excerpt":{"rendered":"<p>Mijit@s ! \u00a1 Mijit@s ! Conoce Nuestra Chaqueta ULTRA REFLECTIVA Chaqueta en tela reflectiva 100%, un producto que puedes usar<\/p>\n","protected":false},"featured_media":15725,"comment_status":"open","ping_status":"closed","template":"","meta":[],"product_brand":[],"product_cat":[189],"product_tag":[611],"class_list":{"0":"post-23676","1":"product","2":"type-product","3":"status-publish","4":"has-post-thumbnail","6":"product_cat-ropa-de-ciclismo-para-hombres","7":"product_tag-10-es","8":"product_shipping_class-1100-es","10":"first","11":"instock","12":"taxable","13":"shipping-taxable","14":"purchasable","15":"product-type-variable"},"_links":{"self":[{"href":"https:\/\/findit.webapp-market.com\/es\/wp-json\/wp\/v2\/product\/23676","targetHints":{"allow":["GET"]}}],"collection":[{"href":"https:\/\/findit.webapp-market.com\/es\/wp-json\/wp\/v2\/product"}],"about":[{"href":"https:\/\/findit.webapp-market.com\/es\/wp-json\/wp\/v2\/types\/product"}],"replies":[{"embeddable":true,"href":"https:\/\/findit.webapp-market.com\/es\/wp-json\/wp\/v2\/comments?post=23676"}],"wp:featuredmedia":[{"embeddable":true,"href":"https:\/\/findit.webapp-market.com\/es\/wp-json\/wp\/v2\/media\/15725"}],"wp:attachment":[{"href":"https:\/\/findit.webapp-market.com\/es\/wp-json\/wp\/v2\/media?parent=23676"}],"wp:term":[{"taxonomy":"product_brand","embeddable":true,"href":"https:\/\/findit.webapp-market.com\/es\/wp-json\/wp\/v2\/product_brand?post=23676"},{"taxonomy":"product_cat","embeddable":true,"href":"https:\/\/findit.webapp-market.com\/es\/wp-json\/wp\/v2\/product_cat?post=23676"},{"taxonomy":"product_tag","embeddable":true,"href":"https:\/\/findit.webapp-market.com\/es\/wp-json\/wp\/v2\/product_tag?post=23676"}],"curies":[{"name":"wp","href":"https:\/\/api.w.org\/{rel}","templated":true}]}}