{"id":23702,"date":"2024-03-27T18:49:32","date_gmt":"2024-03-27T18:49:32","guid":{"rendered":"https:\/\/findit.webapp-market.com\/product\/chaleco-de-ciclismo-keep-dry-para-mujer-grg\/"},"modified":"2024-03-27T18:49:32","modified_gmt":"2024-03-27T18:49:32","slug":"chaleco-de-ciclismo-keep-dry-para-mujer-grg","status":"publish","type":"product","link":"https:\/\/findit.webapp-market.com\/es\/producto\/chaleco-de-ciclismo-keep-dry-para-mujer-grg\/","title":{"rendered":"Chaleco de ciclismo keep dry para mujer GRG"},"content":{"rendered":"<p>Mijito! El chaleco keep dry es liviano y elaborado con tela impermeable y resistente al viento con un corte aerodin\u00e1mico espec\u00edfico para la carrera. Es f\u00e1cilmente plegable y almacenable y, por lo tanto, es una prenda ideal para llevar durante los paseos en condiciones clim\u00e1ticas variables.<br \/>\u2022 Chaleco cortavientos, ligero, c\u00f3modo, protector y con un panel trasero que ayudar\u00e1 a manejar la transpiraci\u00f3n.<br \/>\u2022 Desarrollado para el rendimiento<br \/>\u2022 Dise\u00f1ado para que sea usado con los jersey de manga corta y larga<br \/>\u2022 Funciona como una capa extra de protecci\u00f3n contra el viento y lluvia<br \/>\u2022 Cremallera bloqueable de YKK oculta<br \/>Tiene insertos en Power Eyelet para mejorar la ventilaci\u00f3n y la evaporaci\u00f3n del sudor.<br \/>Las costuras selladas en combinaci\u00f3n con una cremallera frontal recubierta mejoran la protecci\u00f3n contra la lluvia y subrayan la funcionalidad de esta chaleco.  <\/p>\n","protected":false},"excerpt":{"rendered":"<p>Mijito! El chaleco keep dry es liviano y elaborado con tela impermeable y resistente al viento con un corte aerodin\u00e1mico<\/p>\n","protected":false},"featured_media":13793,"comment_status":"open","ping_status":"closed","template":"","meta":[],"product_brand":[],"product_cat":[190],"product_tag":[611],"class_list":{"0":"post-23702","1":"product","2":"type-product","3":"status-publish","4":"has-post-thumbnail","6":"product_cat-ropa-de-ciclismo-para-mujer","7":"product_tag-10-es","8":"product_shipping_class-1100-es","10":"first","11":"instock","12":"taxable","13":"shipping-taxable","14":"purchasable","15":"product-type-variable"},"_links":{"self":[{"href":"https:\/\/findit.webapp-market.com\/es\/wp-json\/wp\/v2\/product\/23702","targetHints":{"allow":["GET"]}}],"collection":[{"href":"https:\/\/findit.webapp-market.com\/es\/wp-json\/wp\/v2\/product"}],"about":[{"href":"https:\/\/findit.webapp-market.com\/es\/wp-json\/wp\/v2\/types\/product"}],"replies":[{"embeddable":true,"href":"https:\/\/findit.webapp-market.com\/es\/wp-json\/wp\/v2\/comments?post=23702"}],"wp:featuredmedia":[{"embeddable":true,"href":"https:\/\/findit.webapp-market.com\/es\/wp-json\/wp\/v2\/media\/13793"}],"wp:attachment":[{"href":"https:\/\/findit.webapp-market.com\/es\/wp-json\/wp\/v2\/media?parent=23702"}],"wp:term":[{"taxonomy":"product_brand","embeddable":true,"href":"https:\/\/findit.webapp-market.com\/es\/wp-json\/wp\/v2\/product_brand?post=23702"},{"taxonomy":"product_cat","embeddable":true,"href":"https:\/\/findit.webapp-market.com\/es\/wp-json\/wp\/v2\/product_cat?post=23702"},{"taxonomy":"product_tag","embeddable":true,"href":"https:\/\/findit.webapp-market.com\/es\/wp-json\/wp\/v2\/product_tag?post=23702"}],"curies":[{"name":"wp","href":"https:\/\/api.w.org\/{rel}","templated":true}]}}