{"id":23958,"date":"2024-03-27T19:47:48","date_gmt":"2024-03-27T19:47:48","guid":{"rendered":"https:\/\/findit.webapp-market.com\/product\/buzo-deportivo-para-mujer-terracota\/"},"modified":"2024-03-27T19:47:48","modified_gmt":"2024-03-27T19:47:48","slug":"buzo-deportivo-para-mujer-terracota","status":"publish","type":"product","link":"https:\/\/findit.webapp-market.com\/es\/producto\/buzo-deportivo-para-mujer-terracota\/","title":{"rendered":"Buzo deportivo para mujer Terracota"},"content":{"rendered":"<p>\u00a1Esto es pa\u2019 que se lo pongan mijitos!<br \/>\u00a1Nuestra L\u00ednea urbana GO RIGO GO! son prendas informales de horma c\u00f3moda y ajuste preciso; llamativas y vers\u00e1tiles. Podr\u00e1s combinarla f\u00e1cilmente y darle a tu look un toque moderno.<br \/>Composici\u00f3n de 91% Algod\u00f3n, 9% Lycra, Peso 340 gramos<br \/>Aplique delantero bordado.<br \/>Chompa con capucha y bolsillo delantero tipo canguro, por su composici\u00f3n brinda mejor confort, haciendo de esta un fit m\u00e1s c\u00f3modo y vers\u00e1til..<\/p>\n","protected":false},"excerpt":{"rendered":"<p>Sudadera con capucha b\u00e1sica para mujer, ajuste holgado, forro polar ultra suave, sudadera con capucha y bolsillos<\/p>\n","protected":false},"featured_media":18016,"comment_status":"open","ping_status":"closed","template":"","meta":[],"product_brand":[],"product_cat":[164,567,584,576],"product_tag":[611],"class_list":{"0":"post-23958","1":"product","2":"type-product","3":"status-publish","4":"has-post-thumbnail","6":"product_cat-moda","7":"product_cat-mujeres","8":"product_cat-outlet-es","9":"product_cat-ropa-de-mujer","10":"product_tag-10-es","11":"product_shipping_class-1100-es","13":"first","14":"instock","15":"sale","16":"taxable","17":"shipping-taxable","18":"purchasable","19":"product-type-variable"},"_links":{"self":[{"href":"https:\/\/findit.webapp-market.com\/es\/wp-json\/wp\/v2\/product\/23958","targetHints":{"allow":["GET"]}}],"collection":[{"href":"https:\/\/findit.webapp-market.com\/es\/wp-json\/wp\/v2\/product"}],"about":[{"href":"https:\/\/findit.webapp-market.com\/es\/wp-json\/wp\/v2\/types\/product"}],"replies":[{"embeddable":true,"href":"https:\/\/findit.webapp-market.com\/es\/wp-json\/wp\/v2\/comments?post=23958"}],"wp:featuredmedia":[{"embeddable":true,"href":"https:\/\/findit.webapp-market.com\/es\/wp-json\/wp\/v2\/media\/18016"}],"wp:attachment":[{"href":"https:\/\/findit.webapp-market.com\/es\/wp-json\/wp\/v2\/media?parent=23958"}],"wp:term":[{"taxonomy":"product_brand","embeddable":true,"href":"https:\/\/findit.webapp-market.com\/es\/wp-json\/wp\/v2\/product_brand?post=23958"},{"taxonomy":"product_cat","embeddable":true,"href":"https:\/\/findit.webapp-market.com\/es\/wp-json\/wp\/v2\/product_cat?post=23958"},{"taxonomy":"product_tag","embeddable":true,"href":"https:\/\/findit.webapp-market.com\/es\/wp-json\/wp\/v2\/product_tag?post=23958"}],"curies":[{"name":"wp","href":"https:\/\/api.w.org\/{rel}","templated":true}]}}