{"id":23977,"date":"2024-03-27T19:45:44","date_gmt":"2024-03-27T19:45:44","guid":{"rendered":"https:\/\/findit.webapp-market.com\/product\/gorra-urbana-clasica-azabache\/"},"modified":"2024-03-27T19:45:44","modified_gmt":"2024-03-27T19:45:44","slug":"gorra-urbana-clasica-azabache","status":"publish","type":"product","link":"https:\/\/findit.webapp-market.com\/es\/producto\/gorra-urbana-clasica-azabache\/","title":{"rendered":"Gorra urbana cl\u00e1sica azabache"},"content":{"rendered":"<p><strong>*Este producto no tiene cambio, solo se realizar\u00e1 cambio si es por defecto de fabricaci\u00f3n*<\/strong><\/p>\n<p>Gorra hormada 6 cascos, visera plana y redondeada, con refuerzo fusionable en frente; 4 oj\u00e1leles bordados en laterales y traseros, 6 costuras en visera separados 5mm, bot\u00f3n forrado y cierre ajustable de presi\u00f3n correa pl\u00e1stica en la parte posterior, bordado GO RIGO GO! en el frente y lateral derecho.<\/p>\n<ul>\n<li><strong>FORRO INFERIOR VISERA<\/strong>: Drill poket bpt 100% algod\u00f3n<\/li>\n<li><strong>BANDA DE SUDOR:<\/strong> Cambrel Guata y Coleta 80% Algod\u00f3n 20% Poli\u00e9ster<\/li>\n<li><strong>VICERA PL\u00c1STICA<\/strong>: material importado en polipropileno<\/li>\n<li><strong>SESGOS:<\/strong> Material en tela gabardina 100% poli\u00e9ster<\/li>\n<\/ul>\n","protected":false},"excerpt":{"rendered":"<p>*Este producto no tiene cambio, solo se realizar\u00e1 cambio si es por defecto de fabricaci\u00f3n* Gorra hormada 6 cascos, visera<\/p>\n","protected":false},"featured_media":17664,"comment_status":"open","ping_status":"closed","template":"","meta":[],"product_brand":[],"product_cat":[566,164,568],"product_tag":[611],"class_list":{"0":"post-23977","1":"product","2":"type-product","3":"status-publish","4":"has-post-thumbnail","6":"product_cat-hombres","7":"product_cat-moda","8":"product_cat-ropa-hombres","9":"product_tag-10-es","10":"product_shipping_class-1100-es","12":"first","13":"instock","14":"featured","15":"taxable","16":"shipping-taxable","17":"purchasable","18":"product-type-simple"},"_links":{"self":[{"href":"https:\/\/findit.webapp-market.com\/es\/wp-json\/wp\/v2\/product\/23977","targetHints":{"allow":["GET"]}}],"collection":[{"href":"https:\/\/findit.webapp-market.com\/es\/wp-json\/wp\/v2\/product"}],"about":[{"href":"https:\/\/findit.webapp-market.com\/es\/wp-json\/wp\/v2\/types\/product"}],"replies":[{"embeddable":true,"href":"https:\/\/findit.webapp-market.com\/es\/wp-json\/wp\/v2\/comments?post=23977"}],"wp:featuredmedia":[{"embeddable":true,"href":"https:\/\/findit.webapp-market.com\/es\/wp-json\/wp\/v2\/media\/17664"}],"wp:attachment":[{"href":"https:\/\/findit.webapp-market.com\/es\/wp-json\/wp\/v2\/media?parent=23977"}],"wp:term":[{"taxonomy":"product_brand","embeddable":true,"href":"https:\/\/findit.webapp-market.com\/es\/wp-json\/wp\/v2\/product_brand?post=23977"},{"taxonomy":"product_cat","embeddable":true,"href":"https:\/\/findit.webapp-market.com\/es\/wp-json\/wp\/v2\/product_cat?post=23977"},{"taxonomy":"product_tag","embeddable":true,"href":"https:\/\/findit.webapp-market.com\/es\/wp-json\/wp\/v2\/product_tag?post=23977"}],"curies":[{"name":"wp","href":"https:\/\/api.w.org\/{rel}","templated":true}]}}