{"id":23982,"date":"2024-03-27T18:50:40","date_gmt":"2024-03-27T18:50:40","guid":{"rendered":"https:\/\/findit.webapp-market.com\/product\/gorra-ciclismo-go-rigo-go-clasica\/"},"modified":"2024-03-27T18:50:40","modified_gmt":"2024-03-27T18:50:40","slug":"gorra-ciclismo-go-rigo-go-clasica","status":"publish","type":"product","link":"https:\/\/findit.webapp-market.com\/es\/producto\/gorra-ciclismo-go-rigo-go-clasica\/","title":{"rendered":"Gorra ciclismo GO RIGO GO clasica"},"content":{"rendered":"<p>\u00a1Ciclista que se respete no se saca el Tour de la cabeza! Lleva a la carrera m\u00e1s grande del mundo siempre contigo con nuestra gorra de ciclismo, y monta con el m\u00e1s cl\u00e1sico estilo de la Grande Boucle.<br \/>Gorra con tecnolog\u00eda SunProtection y fabricada con telas suaves y livianas que te har\u00e1n sentir m\u00e1s c\u00f3modo.<br \/>Recuerda que la puedes usar en tus entrenamientos, pero por seguridad siempre bajo el casco, nunca dejes de usarla.<br \/>Ayuda a controlar el sudor que cae a la cara<br \/>Protege tu cara y la zona desprotegida del casco de los rayos UV. <\/p>\n","protected":false},"excerpt":{"rendered":"<p>\u00a1Ciclista que se respete no se saca el Tour de la cabeza! Lleva a la carrera m\u00e1s grande del mundo<\/p>\n","protected":false},"featured_media":13927,"comment_status":"open","ping_status":"closed","template":"","meta":[],"product_brand":[],"product_cat":[591,194,182,184,186],"product_tag":[611],"class_list":{"0":"post-23982","1":"product","2":"type-product","3":"status-publish","4":"has-post-thumbnail","6":"product_cat-cascos-y-accesorios","7":"product_cat-ciclismo","8":"product_cat-deportes","9":"product_cat-ropa-deportiva-especifica","10":"product_cat-ropa-para-ciclismo","11":"product_tag-10-es","12":"product_shipping_class-1100-es","14":"first","15":"instock","16":"taxable","17":"shipping-taxable","18":"purchasable","19":"product-type-variable"},"_links":{"self":[{"href":"https:\/\/findit.webapp-market.com\/es\/wp-json\/wp\/v2\/product\/23982","targetHints":{"allow":["GET"]}}],"collection":[{"href":"https:\/\/findit.webapp-market.com\/es\/wp-json\/wp\/v2\/product"}],"about":[{"href":"https:\/\/findit.webapp-market.com\/es\/wp-json\/wp\/v2\/types\/product"}],"replies":[{"embeddable":true,"href":"https:\/\/findit.webapp-market.com\/es\/wp-json\/wp\/v2\/comments?post=23982"}],"wp:featuredmedia":[{"embeddable":true,"href":"https:\/\/findit.webapp-market.com\/es\/wp-json\/wp\/v2\/media\/13927"}],"wp:attachment":[{"href":"https:\/\/findit.webapp-market.com\/es\/wp-json\/wp\/v2\/media?parent=23982"}],"wp:term":[{"taxonomy":"product_brand","embeddable":true,"href":"https:\/\/findit.webapp-market.com\/es\/wp-json\/wp\/v2\/product_brand?post=23982"},{"taxonomy":"product_cat","embeddable":true,"href":"https:\/\/findit.webapp-market.com\/es\/wp-json\/wp\/v2\/product_cat?post=23982"},{"taxonomy":"product_tag","embeddable":true,"href":"https:\/\/findit.webapp-market.com\/es\/wp-json\/wp\/v2\/product_tag?post=23982"}],"curies":[{"name":"wp","href":"https:\/\/api.w.org\/{rel}","templated":true}]}}