{"id":23992,"date":"2024-03-27T19:04:12","date_gmt":"2024-03-27T19:04:12","guid":{"rendered":"https:\/\/findit.webapp-market.com\/product\/go-rigo-go-guantes-cortos-terracota\/"},"modified":"2024-03-27T19:04:12","modified_gmt":"2024-03-27T19:04:12","slug":"go-rigo-go-guantes-cortos-terracota","status":"publish","type":"product","link":"https:\/\/findit.webapp-market.com\/es\/producto\/go-rigo-go-guantes-cortos-terracota\/","title":{"rendered":"GO RIGO GO! Guantes cortos terracota"},"content":{"rendered":"<p>Mijit@! Nuestros guantes est\u00e1n dise\u00f1ados para darte comodidad y protecci\u00f3n durante los recorridos en Bici, con telas que contienen fibras de alta tecnolog\u00eda para repeler los peligrosos rayos UV.<br \/>Las palmas est\u00e1n hechas de material Nubuck, promoviendo un gran \u201ccontrol de agarre\u201d en estos guantes, a dem\u00e1s son adecuados tanto en condiciones de clima seco como h\u00famedo.<br \/>Son Aerodin\u00e1micos, c\u00f3modos y transpirables para mantener tus manos siempre frescas.<br \/>Sin usar un sistema de sujeci\u00f3n convencional, los guantes se quitan y se ponen mediante una leng\u00fceta de tracci\u00f3n que se proporciona a una altura extendida por encima de la mu\u00f1eca. <\/p>\n","protected":false},"excerpt":{"rendered":"<p>Mijit@! Nuestros guantes est\u00e1n dise\u00f1ados para darte comodidad y protecci\u00f3n durante los recorridos en Bici, con telas que contienen fibras<\/p>\n","protected":false},"featured_media":15672,"comment_status":"open","ping_status":"closed","template":"","meta":[],"product_brand":[],"product_cat":[591,194,182],"product_tag":[611],"class_list":{"0":"post-23992","1":"product","2":"type-product","3":"status-publish","4":"has-post-thumbnail","6":"product_cat-cascos-y-accesorios","7":"product_cat-ciclismo","8":"product_cat-deportes","9":"product_tag-10-es","10":"product_shipping_class-1100-es","12":"first","13":"instock","14":"taxable","15":"shipping-taxable","16":"purchasable","17":"product-type-variable"},"_links":{"self":[{"href":"https:\/\/findit.webapp-market.com\/es\/wp-json\/wp\/v2\/product\/23992","targetHints":{"allow":["GET"]}}],"collection":[{"href":"https:\/\/findit.webapp-market.com\/es\/wp-json\/wp\/v2\/product"}],"about":[{"href":"https:\/\/findit.webapp-market.com\/es\/wp-json\/wp\/v2\/types\/product"}],"replies":[{"embeddable":true,"href":"https:\/\/findit.webapp-market.com\/es\/wp-json\/wp\/v2\/comments?post=23992"}],"wp:featuredmedia":[{"embeddable":true,"href":"https:\/\/findit.webapp-market.com\/es\/wp-json\/wp\/v2\/media\/15672"}],"wp:attachment":[{"href":"https:\/\/findit.webapp-market.com\/es\/wp-json\/wp\/v2\/media?parent=23992"}],"wp:term":[{"taxonomy":"product_brand","embeddable":true,"href":"https:\/\/findit.webapp-market.com\/es\/wp-json\/wp\/v2\/product_brand?post=23992"},{"taxonomy":"product_cat","embeddable":true,"href":"https:\/\/findit.webapp-market.com\/es\/wp-json\/wp\/v2\/product_cat?post=23992"},{"taxonomy":"product_tag","embeddable":true,"href":"https:\/\/findit.webapp-market.com\/es\/wp-json\/wp\/v2\/product_tag?post=23992"}],"curies":[{"name":"wp","href":"https:\/\/api.w.org\/{rel}","templated":true}]}}