{"id":24006,"date":"2024-03-27T19:03:56","date_gmt":"2024-03-27T19:03:56","guid":{"rendered":"https:\/\/findit.webapp-market.com\/product\/go-rigo-go-headwear-letras-edition\/"},"modified":"2024-03-27T19:03:56","modified_gmt":"2024-03-27T19:03:56","slug":"go-rigo-go-headwear-letras-edition","status":"publish","type":"product","link":"https:\/\/findit.webapp-market.com\/es\/producto\/go-rigo-go-headwear-letras-edition\/","title":{"rendered":"GO RIGO GO! Headwear letras"},"content":{"rendered":"<p>Headwear multifuncional sin costuras.<\/p>\n<ul>\n<li><strong>Composici\u00f3n:<\/strong> 100% Microfibra poli\u00e9ster<\/li>\n<li><strong>Textil <\/strong>con propiedades de protecci\u00f3n UV 30<\/li>\n<li>Por sus componentes en la fabricaci\u00f3n y materiales elegidos, te permite respirar bien, evitando que se bloqueen los canales de la tela y protegi\u00e9ndote del ambiente exterior.<\/li>\n<li>Protecci\u00f3n solar y retenci\u00f3n del sudor sin generar calor excesivo<\/li>\n<\/ul>\n","protected":false},"excerpt":{"rendered":"<p>Headwear multifuncional sin costuras. Composici\u00f3n: 100% Microfibra poli\u00e9ster Textil con propiedades de protecci\u00f3n UV 30 Por sus componentes en la<\/p>\n","protected":false},"featured_media":15652,"comment_status":"open","ping_status":"closed","template":"","meta":[],"product_brand":[],"product_cat":[194,182,189,190,184,186],"product_tag":[611],"class_list":{"0":"post-24006","1":"product","2":"type-product","3":"status-publish","4":"has-post-thumbnail","6":"product_cat-ciclismo","7":"product_cat-deportes","8":"product_cat-ropa-de-ciclismo-para-hombres","9":"product_cat-ropa-de-ciclismo-para-mujer","10":"product_cat-ropa-deportiva-especifica","11":"product_cat-ropa-para-ciclismo","12":"product_tag-10-es","13":"product_shipping_class-1100-es","15":"first","16":"instock","17":"sale","18":"taxable","19":"shipping-taxable","20":"purchasable","21":"product-type-simple"},"_links":{"self":[{"href":"https:\/\/findit.webapp-market.com\/es\/wp-json\/wp\/v2\/product\/24006","targetHints":{"allow":["GET"]}}],"collection":[{"href":"https:\/\/findit.webapp-market.com\/es\/wp-json\/wp\/v2\/product"}],"about":[{"href":"https:\/\/findit.webapp-market.com\/es\/wp-json\/wp\/v2\/types\/product"}],"replies":[{"embeddable":true,"href":"https:\/\/findit.webapp-market.com\/es\/wp-json\/wp\/v2\/comments?post=24006"}],"wp:featuredmedia":[{"embeddable":true,"href":"https:\/\/findit.webapp-market.com\/es\/wp-json\/wp\/v2\/media\/15652"}],"wp:attachment":[{"href":"https:\/\/findit.webapp-market.com\/es\/wp-json\/wp\/v2\/media?parent=24006"}],"wp:term":[{"taxonomy":"product_brand","embeddable":true,"href":"https:\/\/findit.webapp-market.com\/es\/wp-json\/wp\/v2\/product_brand?post=24006"},{"taxonomy":"product_cat","embeddable":true,"href":"https:\/\/findit.webapp-market.com\/es\/wp-json\/wp\/v2\/product_cat?post=24006"},{"taxonomy":"product_tag","embeddable":true,"href":"https:\/\/findit.webapp-market.com\/es\/wp-json\/wp\/v2\/product_tag?post=24006"}],"curies":[{"name":"wp","href":"https:\/\/api.w.org\/{rel}","templated":true}]}}