{"id":24008,"date":"2024-03-27T18:52:17","date_gmt":"2024-03-27T18:52:17","guid":{"rendered":"https:\/\/findit.webapp-market.com\/product\/guantes-termicos-largos\/"},"modified":"2024-03-27T18:52:17","modified_gmt":"2024-03-27T18:52:17","slug":"guantes-termicos-largos","status":"publish","type":"product","link":"https:\/\/findit.webapp-market.com\/es\/producto\/guantes-termicos-largos\/","title":{"rendered":"GO RIGO GO! Guantes T\u00e9rmicos Largos"},"content":{"rendered":"<p>Con nuestros guantes de ciclismo t\u00e9rmicos el fr\u00edo no te volver\u00e1 a detener. Cuenta con corte ergon\u00f3mico que garantiza buena movilidad, permite la transpirabilidad y el aislamiento t\u00e9rmico debido a su material perchado y adem\u00e1s, permite la lectura de las pantallas t\u00e1ctil con los dedos \u00edndice y pulgar.<br \/><strong>Composici\u00f3n:<\/strong> 93% poli\u00e9ster 7% elastano <\/p>\n","protected":false},"excerpt":{"rendered":"<p>Con nuestros guantes de ciclismo t\u00e9rmicos el fr\u00edo no te volver\u00e1 a detener. Cuenta con corte ergon\u00f3mico que garantiza buena<\/p>\n","protected":false},"featured_media":14362,"comment_status":"closed","ping_status":"closed","template":"","meta":[],"product_brand":[],"product_cat":[591,194,182],"product_tag":[611],"class_list":{"0":"post-24008","1":"product","2":"type-product","3":"status-publish","4":"has-post-thumbnail","6":"product_cat-cascos-y-accesorios","7":"product_cat-ciclismo","8":"product_cat-deportes","9":"product_tag-10-es","10":"product_shipping_class-1100-es","12":"first","13":"instock","14":"taxable","15":"shipping-taxable","16":"purchasable","17":"product-type-variable"},"_links":{"self":[{"href":"https:\/\/findit.webapp-market.com\/es\/wp-json\/wp\/v2\/product\/24008","targetHints":{"allow":["GET"]}}],"collection":[{"href":"https:\/\/findit.webapp-market.com\/es\/wp-json\/wp\/v2\/product"}],"about":[{"href":"https:\/\/findit.webapp-market.com\/es\/wp-json\/wp\/v2\/types\/product"}],"replies":[{"embeddable":true,"href":"https:\/\/findit.webapp-market.com\/es\/wp-json\/wp\/v2\/comments?post=24008"}],"wp:featuredmedia":[{"embeddable":true,"href":"https:\/\/findit.webapp-market.com\/es\/wp-json\/wp\/v2\/media\/14362"}],"wp:attachment":[{"href":"https:\/\/findit.webapp-market.com\/es\/wp-json\/wp\/v2\/media?parent=24008"}],"wp:term":[{"taxonomy":"product_brand","embeddable":true,"href":"https:\/\/findit.webapp-market.com\/es\/wp-json\/wp\/v2\/product_brand?post=24008"},{"taxonomy":"product_cat","embeddable":true,"href":"https:\/\/findit.webapp-market.com\/es\/wp-json\/wp\/v2\/product_cat?post=24008"},{"taxonomy":"product_tag","embeddable":true,"href":"https:\/\/findit.webapp-market.com\/es\/wp-json\/wp\/v2\/product_tag?post=24008"}],"curies":[{"name":"wp","href":"https:\/\/api.w.org\/{rel}","templated":true}]}}