{"id":24022,"date":"2024-03-27T19:03:54","date_gmt":"2024-03-27T19:03:54","guid":{"rendered":"https:\/\/findit.webapp-market.com\/product\/go-rigo-go-medias-ciclismo-letras-edition\/"},"modified":"2024-03-27T19:03:54","modified_gmt":"2024-03-27T19:03:54","slug":"go-rigo-go-medias-ciclismo-letras-edition","status":"publish","type":"product","link":"https:\/\/findit.webapp-market.com\/es\/producto\/go-rigo-go-medias-ciclismo-letras-edition\/","title":{"rendered":"GO RIGO GO! Medias Ciclismo letras edition"},"content":{"rendered":"<p><span>Con nuestras medias de ciclismo Go Rigo Go! <span class=\"VIpgJd-yAWNEb-VIpgJd-fmcmS-sn54Q\">Mejora la oxigenaci\u00f3n muscular, evita la fatiga excesiva y los calambres, aumenta el retorno sangu\u00edneo y mejora la recuperaci\u00f3n gracias a su alta compresi\u00f3n.<\/span><\/span><\/p>\n<p><strong><span>Detalles y materiales:<\/span><\/strong><\/p>\n<ul>\n<li><span>Composici\u00f3n: Poliester 61% Nylon 35% Spandex 4%<\/span><\/li>\n<li><span>Compresi\u00f3n: Medias 20-24 mmhg.<\/span><\/li>\n<li><span>Tela extra suave de secado r\u00e1pido.<\/span><\/li>\n<li><span>Tejido transpirable.<\/span><\/li>\n<\/ul>\n","protected":false},"excerpt":{"rendered":"<p>Con nuestras medias de ciclismo Go Rigo Go! Mejora la oxigenaci\u00f3n muscular, evita la fatiga excesiva y los calambres, aumenta<\/p>\n","protected":false},"featured_media":15647,"comment_status":"open","ping_status":"closed","template":"","meta":[],"product_brand":[],"product_cat":[194,182,189,190,184,186],"product_tag":[611],"class_list":{"0":"post-24022","1":"product","2":"type-product","3":"status-publish","4":"has-post-thumbnail","6":"product_cat-ciclismo","7":"product_cat-deportes","8":"product_cat-ropa-de-ciclismo-para-hombres","9":"product_cat-ropa-de-ciclismo-para-mujer","10":"product_cat-ropa-deportiva-especifica","11":"product_cat-ropa-para-ciclismo","12":"product_tag-10-es","13":"product_shipping_class-1100-es","15":"first","16":"instock","17":"taxable","18":"shipping-taxable","19":"purchasable","20":"product-type-simple"},"_links":{"self":[{"href":"https:\/\/findit.webapp-market.com\/es\/wp-json\/wp\/v2\/product\/24022","targetHints":{"allow":["GET"]}}],"collection":[{"href":"https:\/\/findit.webapp-market.com\/es\/wp-json\/wp\/v2\/product"}],"about":[{"href":"https:\/\/findit.webapp-market.com\/es\/wp-json\/wp\/v2\/types\/product"}],"replies":[{"embeddable":true,"href":"https:\/\/findit.webapp-market.com\/es\/wp-json\/wp\/v2\/comments?post=24022"}],"wp:featuredmedia":[{"embeddable":true,"href":"https:\/\/findit.webapp-market.com\/es\/wp-json\/wp\/v2\/media\/15647"}],"wp:attachment":[{"href":"https:\/\/findit.webapp-market.com\/es\/wp-json\/wp\/v2\/media?parent=24022"}],"wp:term":[{"taxonomy":"product_brand","embeddable":true,"href":"https:\/\/findit.webapp-market.com\/es\/wp-json\/wp\/v2\/product_brand?post=24022"},{"taxonomy":"product_cat","embeddable":true,"href":"https:\/\/findit.webapp-market.com\/es\/wp-json\/wp\/v2\/product_cat?post=24022"},{"taxonomy":"product_tag","embeddable":true,"href":"https:\/\/findit.webapp-market.com\/es\/wp-json\/wp\/v2\/product_tag?post=24022"}],"curies":[{"name":"wp","href":"https:\/\/api.w.org\/{rel}","templated":true}]}}