{"id":24023,"date":"2024-03-27T18:52:59","date_gmt":"2024-03-27T18:52:59","guid":{"rendered":"https:\/\/findit.webapp-market.com\/product\/medias-km50-de-compresion\/"},"modified":"2024-03-27T18:52:59","modified_gmt":"2024-03-27T18:52:59","slug":"medias-km50-de-compresion","status":"publish","type":"product","link":"https:\/\/findit.webapp-market.com\/es\/producto\/medias-km50-de-compresion\/","title":{"rendered":"Medias KM50 de compresi\u00f3n"},"content":{"rendered":"<p>Calcetines desarrollados en Algod\u00f3n, peinado con hebra de fondo, vanizados en lycra 240 <strong>(Vaniza: Estructura del Calcet\u00edn)<\/strong><br \/>Los pu\u00f1os son reforzados con Nylon delgado, para darle m\u00e1s cuerpo y para un mejor agarre, los talones y punteras son reforzados con Nylon que dan mayor resistencia al calcet\u00edn, por ser las zonas de mayor rose, Estas partes son de las m\u00e1s sensibles del Calcet\u00edn y suelen Tener m\u00e1s desgaste, \u00a1Por eso en especial este Refuerzo!<br \/>Secado r\u00e1pido, canales de aire, extra suave, bandas el\u00e1sticas, naturalmente transpirable.<br \/>Por su forma de fabricaci\u00f3n y material, mantienen su posici\u00f3n y compresi\u00f3n, evitando que se bajen o se muevan durante su uso.<\/p>\n","protected":false},"excerpt":{"rendered":"<p>Calcetines desarrollados en Algod\u00f3n, peinado con hebra de fondo, vanizados en lycra 240 (Vaniza: Estructura del Calcet\u00edn)Los pu\u00f1os son reforzados<\/p>\n","protected":false},"featured_media":14452,"comment_status":"open","ping_status":"closed","template":"","meta":[],"product_brand":[],"product_cat":[194,182,189,190,184,186],"product_tag":[611],"class_list":{"0":"post-24023","1":"product","2":"type-product","3":"status-publish","4":"has-post-thumbnail","6":"product_cat-ciclismo","7":"product_cat-deportes","8":"product_cat-ropa-de-ciclismo-para-hombres","9":"product_cat-ropa-de-ciclismo-para-mujer","10":"product_cat-ropa-deportiva-especifica","11":"product_cat-ropa-para-ciclismo","12":"product_tag-10-es","13":"product_shipping_class-1100-es","15":"first","16":"instock","17":"taxable","18":"shipping-taxable","19":"purchasable","20":"product-type-variable"},"_links":{"self":[{"href":"https:\/\/findit.webapp-market.com\/es\/wp-json\/wp\/v2\/product\/24023","targetHints":{"allow":["GET"]}}],"collection":[{"href":"https:\/\/findit.webapp-market.com\/es\/wp-json\/wp\/v2\/product"}],"about":[{"href":"https:\/\/findit.webapp-market.com\/es\/wp-json\/wp\/v2\/types\/product"}],"replies":[{"embeddable":true,"href":"https:\/\/findit.webapp-market.com\/es\/wp-json\/wp\/v2\/comments?post=24023"}],"wp:featuredmedia":[{"embeddable":true,"href":"https:\/\/findit.webapp-market.com\/es\/wp-json\/wp\/v2\/media\/14452"}],"wp:attachment":[{"href":"https:\/\/findit.webapp-market.com\/es\/wp-json\/wp\/v2\/media?parent=24023"}],"wp:term":[{"taxonomy":"product_brand","embeddable":true,"href":"https:\/\/findit.webapp-market.com\/es\/wp-json\/wp\/v2\/product_brand?post=24023"},{"taxonomy":"product_cat","embeddable":true,"href":"https:\/\/findit.webapp-market.com\/es\/wp-json\/wp\/v2\/product_cat?post=24023"},{"taxonomy":"product_tag","embeddable":true,"href":"https:\/\/findit.webapp-market.com\/es\/wp-json\/wp\/v2\/product_tag?post=24023"}],"curies":[{"name":"wp","href":"https:\/\/api.w.org\/{rel}","templated":true}]}}