{"id":24046,"date":"2024-03-27T19:45:13","date_gmt":"2024-03-27T19:45:13","guid":{"rendered":"https:\/\/findit.webapp-market.com\/product\/medias-urbanas-grg\/"},"modified":"2024-03-27T19:45:13","modified_gmt":"2024-03-27T19:45:13","slug":"medias-urbanas-grg","status":"publish","type":"product","link":"https:\/\/findit.webapp-market.com\/es\/producto\/medias-urbanas-grg\/","title":{"rendered":"Medias urbanas GRG!"},"content":{"rendered":"<p>Calcetines desarrollados en Algod\u00f3n 20\/1 Peinado con hebra de fondo, Vanizados en lycra 240 (Vaniza: Estructura del Calcet\u00edn)<br \/>Los pu\u00f1os son reforzados con Nylon 70\/2 Delgado, para darle m\u00e1s cuerpo y para un mejor agarre, los talones y punteras son reforzados con Nylon 100\/2 que dan mayor resistencia al calcet\u00edn, por ser las zonas de mayor Rose, Estas partes son de las m\u00e1s sensibles del Calcet\u00edn y suelen Tener m\u00e1s desgaste, \u00a1Por eso en especial este Refuerzo!<\/p>\n","protected":false},"excerpt":{"rendered":"<p>Calcetines desarrollados en Algod\u00f3n 20\/1 Peinado con hebra de fondo, Vanizados en lycra 240 (Vaniza: Estructura del Calcet\u00edn)Los pu\u00f1os son<\/p>\n","protected":false},"featured_media":17637,"comment_status":"open","ping_status":"closed","template":"","meta":[],"product_brand":[],"product_cat":[566,164,567,576,568],"product_tag":[611],"class_list":{"0":"post-24046","1":"product","2":"type-product","3":"status-publish","4":"has-post-thumbnail","6":"product_cat-hombres","7":"product_cat-moda","8":"product_cat-mujeres","9":"product_cat-ropa-de-mujer","10":"product_cat-ropa-hombres","11":"product_tag-10-es","13":"first","14":"instock","15":"taxable","16":"shipping-taxable","17":"purchasable","18":"product-type-variable"},"_links":{"self":[{"href":"https:\/\/findit.webapp-market.com\/es\/wp-json\/wp\/v2\/product\/24046","targetHints":{"allow":["GET"]}}],"collection":[{"href":"https:\/\/findit.webapp-market.com\/es\/wp-json\/wp\/v2\/product"}],"about":[{"href":"https:\/\/findit.webapp-market.com\/es\/wp-json\/wp\/v2\/types\/product"}],"replies":[{"embeddable":true,"href":"https:\/\/findit.webapp-market.com\/es\/wp-json\/wp\/v2\/comments?post=24046"}],"wp:featuredmedia":[{"embeddable":true,"href":"https:\/\/findit.webapp-market.com\/es\/wp-json\/wp\/v2\/media\/17637"}],"wp:attachment":[{"href":"https:\/\/findit.webapp-market.com\/es\/wp-json\/wp\/v2\/media?parent=24046"}],"wp:term":[{"taxonomy":"product_brand","embeddable":true,"href":"https:\/\/findit.webapp-market.com\/es\/wp-json\/wp\/v2\/product_brand?post=24046"},{"taxonomy":"product_cat","embeddable":true,"href":"https:\/\/findit.webapp-market.com\/es\/wp-json\/wp\/v2\/product_cat?post=24046"},{"taxonomy":"product_tag","embeddable":true,"href":"https:\/\/findit.webapp-market.com\/es\/wp-json\/wp\/v2\/product_tag?post=24046"}],"curies":[{"name":"wp","href":"https:\/\/api.w.org\/{rel}","templated":true}]}}