{"id":24080,"date":"2024-03-27T19:03:29","date_gmt":"2024-03-27T19:03:29","guid":{"rendered":"https:\/\/findit.webapp-market.com\/product\/pantaloneta-ciclismo-hombre-km100-new-white-signature\/"},"modified":"2024-03-27T19:03:29","modified_gmt":"2024-03-27T19:03:29","slug":"pantaloneta-ciclismo-hombre-km100-new-white-signature","status":"publish","type":"product","link":"https:\/\/findit.webapp-market.com\/es\/producto\/pantaloneta-ciclismo-hombre-km100-new-white-signature\/","title":{"rendered":"Pantaloneta ciclismo hombre KM100 New white signatureMen\u2019s cycling bib short KM100 New white signature"},"content":{"rendered":"<h3 class=\"image-with-text__heading ff-heading fs-page-heading c-heading\" data-theme-editor-setting=\"section.template--14394366623830__1647622573be467737.title\"><span class=\"\">PANTALONETA \u2013 BADANA \u2013 BIBSHORT \u2013 KM100<\/span><\/h3>\n<p><strong>KM 100 PANTALONETA HOMBRE<\/strong><\/p>\n<p>Dise\u00f1o de corte limpio con banda antideslizante de grip tejido, no siliconado. Conformado por la mejor selecci\u00f3n de materiales: <\/p>\n<h3><strong>TEXTIL CON TECNOLOG\u00cdA POWER<\/strong><\/h3>\n<p><strong>Composici\u00f3n:<\/strong> 75% nylon 25% elastano<br \/>Textil con la perfecta combinaci\u00f3n entre elongaci\u00f3n y compresi\u00f3n, absorci\u00f3n de la humedad y transpiraci\u00f3n. Desarrollado con tecnolog\u00eda POWER, que ofrece seguridad, resistencia y protecci\u00f3n, ya que cuenta con la m\u00e1xima protecci\u00f3n a los rayos UV, resistencia al desgaste por fricci\u00f3n y excelente cubrimiento, que no posibilita transparencias.<\/p>\n<h3><strong><img fetchpriority=\"high\" decoding=\"async\" class=\"size-medium wp-image-24070 alignright\" src=\"https:\/\/findit.webapp-market.com\/wp-content\/uploads\/2024\/03\/48926375_1135134789990910_2778551168555548672_n-352x440-1-240x300.jpg\" alt=\"\" width=\"240\" height=\"300\" srcset=\"https:\/\/findit.webapp-market.com\/wp-content\/uploads\/2024\/03\/48926375_1135134789990910_2778551168555548672_n-352x440-1-240x300.jpg 240w, https:\/\/findit.webapp-market.com\/wp-content\/uploads\/2024\/03\/48926375_1135134789990910_2778551168555548672_n-352x440-1-250x313.jpg 250w, https:\/\/findit.webapp-market.com\/wp-content\/uploads\/2024\/03\/48926375_1135134789990910_2778551168555548672_n-352x440-1-150x188.jpg 150w, https:\/\/findit.webapp-market.com\/wp-content\/uploads\/2024\/03\/48926375_1135134789990910_2778551168555548672_n-352x440-1.jpg 352w\" sizes=\"(max-width: 240px) 100vw, 240px\" \/>BADANA:<\/strong><\/h3>\n<p>Desarrollada para un tiempo recomendado de 6 horas. <span class=\"\">Moldeada en forma de arco para que las solapas laterales de la badana se acomoden a la entrepierna lo que reduce la fricci\u00f3n, el enrojecimiento y la incomodidad al pedalear.<\/span><\/p>\n<p>La capa superior es hecha con una espuma de 60kg\/m3 y 6 mm de grosor conformada por una estructura celular abierta que permite excelente transpirabilidad. En el intermedio cuenta con una espuma de alta densidad de 90kg\/m3 y 11 mm de grosor que garantiza una relaci\u00f3n \u00f3ptima entre la espuma y el peso del ciclista. <\/p>\n<p>&nbsp;<\/p>\n","protected":false},"excerpt":{"rendered":"<p>PANTALONETA \u2013 BADANA \u2013 BIBSHORT \u2013 KM100 KM 100 PANTALONETA HOMBRE Dise\u00f1o de corte limpio con banda antideslizante de grip<\/p>\n","protected":false},"featured_media":15620,"comment_status":"open","ping_status":"closed","template":"","meta":[],"product_brand":[],"product_cat":[194,182,189,184,186],"product_tag":[611],"class_list":{"0":"post-24080","1":"product","2":"type-product","3":"status-publish","4":"has-post-thumbnail","6":"product_cat-ciclismo","7":"product_cat-deportes","8":"product_cat-ropa-de-ciclismo-para-hombres","9":"product_cat-ropa-deportiva-especifica","10":"product_cat-ropa-para-ciclismo","11":"product_tag-10-es","12":"product_shipping_class-1100-es","14":"first","15":"instock","16":"taxable","17":"shipping-taxable","18":"purchasable","19":"product-type-variable"},"_links":{"self":[{"href":"https:\/\/findit.webapp-market.com\/es\/wp-json\/wp\/v2\/product\/24080","targetHints":{"allow":["GET"]}}],"collection":[{"href":"https:\/\/findit.webapp-market.com\/es\/wp-json\/wp\/v2\/product"}],"about":[{"href":"https:\/\/findit.webapp-market.com\/es\/wp-json\/wp\/v2\/types\/product"}],"replies":[{"embeddable":true,"href":"https:\/\/findit.webapp-market.com\/es\/wp-json\/wp\/v2\/comments?post=24080"}],"wp:featuredmedia":[{"embeddable":true,"href":"https:\/\/findit.webapp-market.com\/es\/wp-json\/wp\/v2\/media\/15620"}],"wp:attachment":[{"href":"https:\/\/findit.webapp-market.com\/es\/wp-json\/wp\/v2\/media?parent=24080"}],"wp:term":[{"taxonomy":"product_brand","embeddable":true,"href":"https:\/\/findit.webapp-market.com\/es\/wp-json\/wp\/v2\/product_brand?post=24080"},{"taxonomy":"product_cat","embeddable":true,"href":"https:\/\/findit.webapp-market.com\/es\/wp-json\/wp\/v2\/product_cat?post=24080"},{"taxonomy":"product_tag","embeddable":true,"href":"https:\/\/findit.webapp-market.com\/es\/wp-json\/wp\/v2\/product_tag?post=24080"}],"curies":[{"name":"wp","href":"https:\/\/api.w.org\/{rel}","templated":true}]}}