{"id":24110,"date":"2024-03-27T19:03:00","date_gmt":"2024-03-27T19:03:00","guid":{"rendered":"https:\/\/findit.webapp-market.com\/product\/pantaloneta-ciclismo-mujer-km100-blue-grg\/"},"modified":"2024-03-27T19:03:00","modified_gmt":"2024-03-27T19:03:00","slug":"pantaloneta-ciclismo-mujer-km100-blue-grg","status":"publish","type":"product","link":"https:\/\/findit.webapp-market.com\/es\/producto\/pantaloneta-ciclismo-mujer-km100-blue-grg\/","title":{"rendered":"Pantaloneta ciclismo mujer KM100 Blue GRG!"},"content":{"rendered":"<h3 class=\"image-with-text__heading ff-heading fs-page-heading c-heading\" data-theme-editor-setting=\"section.template--14394366623830__1647622573be467737.title\"><span class=\"\">PANTALONETA \u2013 BADANA \u2013 BIBSHORT \u2013 KM100<\/span><\/h3>\n<h3 class=\"image-with-text__heading ff-heading fs-page-heading c-heading\" data-theme-editor-setting=\"section.template--14394366623830__1647622573be467737.title\"><span class=\"\"><img fetchpriority=\"high\" decoding=\"async\" class=\" wp-image-24063 alignright\" src=\"https:\/\/findit.webapp-market.com\/wp-content\/uploads\/2024\/03\/go-rigo-go-4018-8677211-1-zoom-304x440-1-207x300.webp\" alt=\"\" width=\"267\" height=\"387\" srcset=\"https:\/\/findit.webapp-market.com\/wp-content\/uploads\/2024\/03\/go-rigo-go-4018-8677211-1-zoom-304x440-1-207x300.webp 207w, https:\/\/findit.webapp-market.com\/wp-content\/uploads\/2024\/03\/go-rigo-go-4018-8677211-1-zoom-304x440-1-250x362.webp 250w, https:\/\/findit.webapp-market.com\/wp-content\/uploads\/2024\/03\/go-rigo-go-4018-8677211-1-zoom-304x440-1-150x217.webp 150w, https:\/\/findit.webapp-market.com\/wp-content\/uploads\/2024\/03\/go-rigo-go-4018-8677211-1-zoom-304x440-1.webp 304w\" sizes=\"(max-width: 267px) 100vw, 267px\" \/><\/span><\/h3>\n<h2><strong>PANTALONETA KM 100 MUJER<\/strong><\/h2>\n<p>Dise\u00f1o de corte limpio con banda antideslizante de grip tejido, no siliconado. Conformado por la mejor selecci\u00f3n de materiales: <\/p>\n<h3><strong>TEXTIL CON TECNOLOG\u00cdA POWER<\/strong><\/h3>\n<p>Textil con la perfecta combinaci\u00f3n entre elongaci\u00f3n y compresi\u00f3n, absorci\u00f3n de la humedad y transpiraci\u00f3n. Desarrollado con tecnolog\u00eda POWER, que ofrece seguridad, resistencia y protecci\u00f3n, ya que cuenta con la m\u00e1xima protecci\u00f3n a los rayos UV 50+, resistencia al desgaste por fricci\u00f3n y excelente cubrimiento que no posibilita transparencias. <\/p>\n<p>&nbsp;<\/p>\n<h2><strong><img decoding=\"async\" class=\"size-medium wp-image-24065 alignright\" src=\"https:\/\/findit.webapp-market.com\/wp-content\/uploads\/2024\/03\/women-badana-e1680740026181-480x440-1-300x275.jpg\" alt=\"\" width=\"300\" height=\"275\" srcset=\"https:\/\/findit.webapp-market.com\/wp-content\/uploads\/2024\/03\/women-badana-e1680740026181-480x440-1-300x275.jpg 300w, https:\/\/findit.webapp-market.com\/wp-content\/uploads\/2024\/03\/women-badana-e1680740026181-480x440-1-250x229.jpg 250w, https:\/\/findit.webapp-market.com\/wp-content\/uploads\/2024\/03\/women-badana-e1680740026181-480x440-1-150x138.jpg 150w, https:\/\/findit.webapp-market.com\/wp-content\/uploads\/2024\/03\/women-badana-e1680740026181-480x440-1.jpg 480w\" sizes=\"(max-width: 300px) 100vw, 300px\" \/><\/strong><\/h2>\n<h3>BADANA MEMORY FOAM<\/h3>\n<p>Desarrollada para un tiempo recomendado de hasta 5 horas. Desarrollada para un tiempo recomendado de hasta 5 horas. Recubierta con telas de Microfibra que protegen el cuerpo del ciclista contra laceraciones causadas por el roce.<\/p>\n<p>La capa superior de la badana es hecha con espuma de 65 kg\/m3 y 4 mm de grosor con perforaciones que permiten un secado m\u00e1s r\u00e1pido. En el intermedio, cuenta con una espuma de tecnolog\u00eda Memory SAT (Shock Absorption Technology\/ tecnolog\u00eda de absorci\u00f3n al impacto) de 100 densidad (Kg \/ m\u00b3) y un grosor de 15 mm que garantiza una excelente protecci\u00f3n y libertad de movimiento. <\/p>\n","protected":false},"excerpt":{"rendered":"<p>PANTALONETA \u2013 BADANA \u2013 BIBSHORT \u2013 KM100 PANTALONETA KM 100 MUJER Dise\u00f1o de corte limpio con banda antideslizante de grip<\/p>\n","protected":false},"featured_media":15584,"comment_status":"open","ping_status":"closed","template":"","meta":[],"product_brand":[],"product_cat":[194,182,190,184,186],"product_tag":[611],"class_list":{"0":"post-24110","1":"product","2":"type-product","3":"status-publish","4":"has-post-thumbnail","6":"product_cat-ciclismo","7":"product_cat-deportes","8":"product_cat-ropa-de-ciclismo-para-mujer","9":"product_cat-ropa-deportiva-especifica","10":"product_cat-ropa-para-ciclismo","11":"product_tag-10-es","12":"product_shipping_class-1100-es","14":"first","15":"instock","16":"taxable","17":"shipping-taxable","18":"purchasable","19":"product-type-variable"},"_links":{"self":[{"href":"https:\/\/findit.webapp-market.com\/es\/wp-json\/wp\/v2\/product\/24110","targetHints":{"allow":["GET"]}}],"collection":[{"href":"https:\/\/findit.webapp-market.com\/es\/wp-json\/wp\/v2\/product"}],"about":[{"href":"https:\/\/findit.webapp-market.com\/es\/wp-json\/wp\/v2\/types\/product"}],"replies":[{"embeddable":true,"href":"https:\/\/findit.webapp-market.com\/es\/wp-json\/wp\/v2\/comments?post=24110"}],"wp:featuredmedia":[{"embeddable":true,"href":"https:\/\/findit.webapp-market.com\/es\/wp-json\/wp\/v2\/media\/15584"}],"wp:attachment":[{"href":"https:\/\/findit.webapp-market.com\/es\/wp-json\/wp\/v2\/media?parent=24110"}],"wp:term":[{"taxonomy":"product_brand","embeddable":true,"href":"https:\/\/findit.webapp-market.com\/es\/wp-json\/wp\/v2\/product_brand?post=24110"},{"taxonomy":"product_cat","embeddable":true,"href":"https:\/\/findit.webapp-market.com\/es\/wp-json\/wp\/v2\/product_cat?post=24110"},{"taxonomy":"product_tag","embeddable":true,"href":"https:\/\/findit.webapp-market.com\/es\/wp-json\/wp\/v2\/product_tag?post=24110"}],"curies":[{"name":"wp","href":"https:\/\/api.w.org\/{rel}","templated":true}]}}